{"id":919,"date":"2021-06-09T05:13:03","date_gmt":"2021-06-09T05:13:03","guid":{"rendered":"https:\/\/2dofilmes.com.br\/oficial\/?page_id=919"},"modified":"2021-06-09T21:17:54","modified_gmt":"2021-06-09T21:17:54","slug":"agenda","status":"publish","type":"page","link":"https:\/\/2dofilmes.com.br\/index.php\/agenda\/","title":{"rendered":"Agenda"},"content":{"rendered":"\t\t<div data-elementor-type=\"wp-page\" data-elementor-id=\"919\" class=\"elementor elementor-919\" data-elementor-settings=\"[]\">\n\t\t\t\t\t\t\t<div class=\"elementor-section-wrap\">\n\t\t\t\t\t\t\t<section class=\"elementor-section elementor-top-section elementor-element elementor-element-e07a649 elementor-section-boxed elementor-section-height-default elementor-section-height-default\" data-id=\"e07a649\" data-element_type=\"section\">\n\t\t\t\t\t\t<div class=\"elementor-container elementor-column-gap-default\">\n\t\t\t\t\t<div class=\"elementor-column elementor-col-100 elementor-top-column elementor-element elementor-element-0967730\" data-id=\"0967730\" data-element_type=\"column\">\n\t\t\t<div class=\"elementor-widget-wrap elementor-element-populated\">\n\t\t\t\t\t\t\t\t<div class=\"elementor-element elementor-element-4b83dbe elementor-widget elementor-widget-text-editor\" data-id=\"4b83dbe\" data-element_type=\"widget\" data-widget_type=\"text-editor.default\">\n\t\t\t\t<div class=\"elementor-widget-container\">\n\t\t\t\t\t\t\t\t<h3>Escolha sua data<\/h3>\t\t\t\t\t\t<\/div>\n\t\t\t\t<\/div>\n\t\t\t\t<div class=\"elementor-element elementor-element-16ee344 elementor-widget elementor-widget-text-editor\" data-id=\"16ee344\" data-element_type=\"widget\" data-widget_type=\"text-editor.default\">\n\t\t\t\t<div class=\"elementor-widget-container\">\n\t\t\t\t\t\t\t\t<p>Escolha uma data livre e acesse nossa <a href=\"https:\/\/2dofilmes.com.br\/oficial\/index.php\/shop\/\">loja<\/a> e compre o servi\u00e7o desejado.<br \/>Ap\u00f3s escolher sua data preencha o <a href=\"#reserva-id\">formul\u00e1rio de reserva<\/a> e aguarde o e-mail de confirma\u00e7\u00e3o, obrigado!<\/p>\t\t\t\t\t\t<\/div>\n\t\t\t\t<\/div>\n\t\t\t\t\t<\/div>\n\t\t<\/div>\n\t\t\t\t\t\t\t<\/div>\n\t\t<\/section>\n\t\t\t\t<section class=\"elementor-section elementor-top-section elementor-element elementor-element-6f967a5 elementor-section-boxed elementor-section-height-default elementor-section-height-default\" data-id=\"6f967a5\" data-element_type=\"section\">\n\t\t\t\t\t\t<div class=\"elementor-container elementor-column-gap-default\">\n\t\t\t\t\t<div class=\"elementor-column elementor-col-100 elementor-top-column elementor-element elementor-element-c7f357b\" data-id=\"c7f357b\" data-element_type=\"column\">\n\t\t\t<div class=\"elementor-widget-wrap elementor-element-populated\">\n\t\t\t\t\t\t\t\t<div class=\"elementor-element elementor-element-c96742c elementor-widget elementor-widget-html\" data-id=\"c96742c\" data-element_type=\"widget\" data-widget_type=\"html.default\">\n\t\t\t\t<div class=\"elementor-widget-container\">\n\t\t\t<iframe loading=\"lazy\" src=\"https:\/\/calendar.google.com\/calendar\/embed?src=1dsh84p6kv6ne4nb75mho0tl98%40group.calendar.google.com&ctz=America%2FSao_Paulo\" style=\"border: 0\" width=\"800\" height=\"600\" frameborder=\"0\" scrolling=\"no\"><\/iframe>\t\t<\/div>\n\t\t\t\t<\/div>\n\t\t\t\t\t<\/div>\n\t\t<\/div>\n\t\t\t\t\t\t\t<\/div>\n\t\t<\/section>\n\t\t\t\t<section class=\"elementor-section elementor-top-section elementor-element elementor-element-63b17c4 elementor-section-boxed elementor-section-height-default elementor-section-height-default\" data-id=\"63b17c4\" data-element_type=\"section\" id=\"reserva-id\">\n\t\t\t\t\t\t<div class=\"elementor-container elementor-column-gap-default\">\n\t\t\t\t\t<div class=\"elementor-column elementor-col-100 elementor-top-column elementor-element elementor-element-09b2449\" data-id=\"09b2449\" data-element_type=\"column\">\n\t\t\t<div class=\"elementor-widget-wrap elementor-element-populated\">\n\t\t\t\t\t\t\t\t<div class=\"elementor-element elementor-element-47cb065 elementor-widget elementor-widget-spacer\" data-id=\"47cb065\" data-element_type=\"widget\" data-widget_type=\"spacer.default\">\n\t\t\t\t<div class=\"elementor-widget-container\">\n\t\t\t\t\t<div class=\"elementor-spacer\">\n\t\t\t<div class=\"elementor-spacer-inner\"><\/div>\n\t\t<\/div>\n\t\t\t\t<\/div>\n\t\t\t\t<\/div>\n\t\t\t\t\t<\/div>\n\t\t<\/div>\n\t\t\t\t\t\t\t<\/div>\n\t\t<\/section>\n\t\t\t\t<section class=\"elementor-section elementor-top-section elementor-element elementor-element-1f23c2a elementor-section-boxed elementor-section-height-default elementor-section-height-default\" data-id=\"1f23c2a\" data-element_type=\"section\">\n\t\t\t\t\t\t<div class=\"elementor-container elementor-column-gap-default\">\n\t\t\t\t\t<div class=\"elementor-column elementor-col-100 elementor-top-column elementor-element elementor-element-27ddaea\" data-id=\"27ddaea\" data-element_type=\"column\">\n\t\t\t<div class=\"elementor-widget-wrap elementor-element-populated\">\n\t\t\t\t\t\t\t\t<div class=\"elementor-element elementor-element-dbdc1eb elementor-widget elementor-widget-text-editor\" data-id=\"dbdc1eb\" data-element_type=\"widget\" data-widget_type=\"text-editor.default\">\n\t\t\t\t<div class=\"elementor-widget-container\">\n\t\t\t\t\t\t\t\t<h4>Formul\u00e1rio de Reserva<\/h4>\t\t\t\t\t\t<\/div>\n\t\t\t\t<\/div>\n\t\t\t\t<div class=\"elementor-element elementor-element-6aa938b elementor-widget elementor-widget-text-editor\" data-id=\"6aa938b\" data-element_type=\"widget\" data-widget_type=\"text-editor.default\">\n\t\t\t\t<div class=\"elementor-widget-container\">\n\t\t\t\t\t\t\t\t<p>Confira a data dispon\u00edvel acima e preencha o formul\u00e1rio.<br \/>N\u00e3o esque\u00e7a de contratar o servi\u00e7o desejado em nossa loja.<\/p>\t\t\t\t\t\t<\/div>\n\t\t\t\t<\/div>\n\t\t\t\t\t<\/div>\n\t\t<\/div>\n\t\t\t\t\t\t\t<\/div>\n\t\t<\/section>\n\t\t\t\t<section class=\"elementor-section elementor-top-section elementor-element elementor-element-d8997cb elementor-section-boxed elementor-section-height-default elementor-section-height-default\" data-id=\"d8997cb\" data-element_type=\"section\">\n\t\t\t\t\t\t<div class=\"elementor-container elementor-column-gap-default\">\n\t\t\t\t\t<div class=\"elementor-column elementor-col-100 elementor-top-column elementor-element elementor-element-b5b0c20\" data-id=\"b5b0c20\" data-element_type=\"column\">\n\t\t\t<div class=\"elementor-widget-wrap elementor-element-populated\">\n\t\t\t\t\t\t\t\t<div class=\"elementor-element elementor-element-b2e4b5b elementor-widget elementor-widget-shortcode\" data-id=\"b2e4b5b\" data-element_type=\"widget\" data-widget_type=\"shortcode.default\">\n\t\t\t\t<div class=\"elementor-widget-container\">\n\t\t\t\t\t<div class=\"elementor-shortcode\"><div class=\"wpcf7 no-js\" id=\"wpcf7-f7-o1\" lang=\"pt-BR\" dir=\"ltr\">\n<div class=\"screen-reader-response\"><p role=\"status\" aria-live=\"polite\" aria-atomic=\"true\"><\/p> <ul><\/ul><\/div>\n<form action=\"\/index.php\/wp-json\/wp\/v2\/pages\/919#wpcf7-f7-o1\" method=\"post\" class=\"wpcf7-form init\" aria-label=\"Formul\u00e1rios de contato\" novalidate=\"novalidate\" data-status=\"init\">\n<div style=\"display: none;\">\n<input type=\"hidden\" name=\"_wpcf7\" value=\"7\" \/>\n<input type=\"hidden\" name=\"_wpcf7_version\" value=\"5.7.2\" \/>\n<input type=\"hidden\" name=\"_wpcf7_locale\" value=\"pt_BR\" \/>\n<input type=\"hidden\" name=\"_wpcf7_unit_tag\" value=\"wpcf7-f7-o1\" \/>\n<input type=\"hidden\" name=\"_wpcf7_container_post\" value=\"0\" \/>\n<input type=\"hidden\" name=\"_wpcf7_posted_data_hash\" value=\"\" \/>\n<\/div>\n<div>\n\t<p><span class=\"wpcf7-form-control-wrap\" data-name=\"your-name\"><input size=\"40\" class=\"wpcf7-form-control wpcf7-text wpcf7-validates-as-required\" aria-required=\"true\" aria-invalid=\"false\" placeholder=\"Seu nome\" value=\"\" type=\"text\" name=\"your-name\" \/><\/span>\n\t<\/p>\n<\/div>\n<div>\n\t<p><span class=\"wpcf7-form-control-wrap\" data-name=\"your-email\"><input size=\"40\" class=\"wpcf7-form-control wpcf7-text wpcf7-email wpcf7-validates-as-required wpcf7-validates-as-email\" aria-required=\"true\" aria-invalid=\"false\" placeholder=\"Seu e-mail\" value=\"\" type=\"email\" name=\"your-email\" \/><\/span>\n\t<\/p>\n<\/div>\n<div>\n\t<p><span class=\"wpcf7-form-control-wrap\" data-name=\"tel-760\"><input size=\"40\" class=\"wpcf7-form-control wpcf7-text wpcf7-tel wpcf7-validates-as-required wpcf7-validates-as-tel\" aria-required=\"true\" aria-invalid=\"false\" placeholder=\"Seu celular\" value=\"\" type=\"tel\" name=\"tel-760\" \/><\/span>\n\t<\/p>\n<\/div>\n<div class=\"ashade-row ashade-small-gap\">\n\t<p>Como nos conheceu?*\n\t<\/p>\n<\/div>\n<div class=\"ashade-row ashade-small-gap\">\n\t<p><span class=\"wpcf7-form-control-wrap\" data-name=\"menu-comoconheceu\"><select class=\"wpcf7-form-control wpcf7-select wpcf7-validates-as-required\" aria-required=\"true\" aria-invalid=\"false\" name=\"menu-comoconheceu\"><option value=\"\">&#8212;Escolha uma op\u00e7\u00e3o&#8212;<\/option><option value=\"Facebook\">Facebook<\/option><option value=\"Instagram\">Instagram<\/option><option value=\"YouTube\">YouTube<\/option><option value=\"Busca no Google\">Busca no Google<\/option><option value=\"Amigo(a)\">Amigo(a)<\/option><option value=\"Cupom de indica\u00e7\u00e3o\">Cupom de indica\u00e7\u00e3o<\/option><\/select><\/span>\n\t<\/p>\n<\/div>\n<div class=\"ashade-row ashade-small-gap\">\n\t<p>Escolha o assunto:*\n\t<\/p>\n<\/div>\n<div class=\"ashade-row ashade-small-gap\">\n\t<p><span class=\"wpcf7-form-control-wrap\" data-name=\"menu-assunto\"><select class=\"wpcf7-form-control wpcf7-select wpcf7-validates-as-required\" aria-required=\"true\" aria-invalid=\"false\" name=\"menu-assunto\"><option value=\"\">&#8212;Escolha uma op\u00e7\u00e3o&#8212;<\/option><option value=\"Reservar\">Reservar<\/option><option value=\"Desmarcar\">Desmarcar<\/option><option value=\"Remarcar\">Remarcar<\/option><\/select><\/span>\n\t<\/p>\n<\/div>\n<p><span class=\"wpcf7-form-control-wrap\" data-name=\"radio-56\"><span class=\"wpcf7-form-control wpcf7-radio\"><span class=\"wpcf7-list-item first\"><label><input type=\"radio\" name=\"radio-56\" value=\"Di\u00e1ria 8h\" checked=\"checked\" tabindex=\"\" \/><span class=\"wpcf7-list-item-label\">Di\u00e1ria 8h<\/span><\/label><\/span><span class=\"wpcf7-list-item\"><label><input type=\"radio\" name=\"radio-56\" value=\"Per\u00edodo 3h\" tabindex=\"\" \/><span class=\"wpcf7-list-item-label\">Per\u00edodo 3h<\/span><\/label><\/span><span class=\"wpcf7-list-item\"><label><input type=\"radio\" name=\"radio-56\" value=\"Per\u00edodo 6h\" tabindex=\"\" \/><span class=\"wpcf7-list-item-label\">Per\u00edodo 6h<\/span><\/label><\/span><span class=\"wpcf7-list-item last\"><label><input type=\"radio\" name=\"radio-56\" value=\"Per\u00edodo 9h\" tabindex=\"\" \/><span class=\"wpcf7-list-item-label\">Per\u00edodo 9h<\/span><\/label><\/span><\/span><\/span>\n<\/p>\n<p><span class=\"wpcf7-form-control-wrap\" data-name=\"date-808\"><input class=\"wpcf7-form-control wpcf7-date wpcf7-validates-as-required wpcf7-validates-as-date\" aria-required=\"true\" aria-invalid=\"false\" placeholder=\"Escolha a data desejada\" value=\"\" type=\"date\" name=\"date-808\" \/><\/span>\n<\/p>\n<p><span class=\"wpcf7-form-control-wrap\" data-name=\"menu-746\"><select class=\"wpcf7-form-control wpcf7-select wpcf7-validates-as-required\" aria-required=\"true\" aria-invalid=\"false\" name=\"menu-746\"><option value=\"Escolha o hor\u00e1rio de in\u00edcio\">Escolha o hor\u00e1rio de in\u00edcio<\/option><option value=\"08h\">08h<\/option><option value=\"09h\">09h<\/option><option value=\"10h\">10h<\/option><option value=\"11h\">11h<\/option><option value=\"14h\">14h<\/option><option value=\"15h\">15h<\/option><option value=\"16h\">16h<\/option><option value=\"17h\">17h<\/option><option value=\"18h\">18h<\/option><option value=\"19h\">19h<\/option><\/select><\/span>\n<\/p>\n<p><span class=\"wpcf7-form-control-wrap\" data-name=\"menu-747\"><select class=\"wpcf7-form-control wpcf7-select wpcf7-validates-as-required\" aria-required=\"true\" aria-invalid=\"false\" name=\"menu-747\"><option value=\"Escolha o hor\u00e1rio de t\u00e9rmino\">Escolha o hor\u00e1rio de t\u00e9rmino<\/option><option value=\"09h\">09h<\/option><option value=\"10h\">10h<\/option><option value=\"11h\">11h<\/option><option value=\"15h\">15h<\/option><option value=\"16h\">16h<\/option><option value=\"17h\">17h<\/option><option value=\"18h\">18h<\/option><option value=\"19h\">19h<\/option><option value=\"20h\">20h<\/option><\/select><\/span>\n<\/p>\n<p><span class=\"wpcf7-form-control-wrap\" data-name=\"your-message\"><textarea cols=\"40\" rows=\"10\" class=\"wpcf7-form-control wpcf7-textarea\" aria-invalid=\"false\" placeholder=\"Sua Mensagem (optional)\" name=\"your-message\"><\/textarea><\/span>\n<\/p>\n<p><input class=\"wpcf7-form-control has-spinner wpcf7-submit\" type=\"submit\" value=\"Enviar\" \/>\n<\/p><div class=\"wpcf7-response-output\" aria-hidden=\"true\"><\/div><\/form><\/div><\/div>\n\t\t\t\t<\/div>\n\t\t\t\t<\/div>\n\t\t\t\t\t<\/div>\n\t\t<\/div>\n\t\t\t\t\t\t\t<\/div>\n\t\t<\/section>\n\t\t\t\t\t\t<\/div>\n\t\t\t\t\t<\/div>\n\t\t","protected":false},"excerpt":{"rendered":"<p>Escolha sua data Escolha uma data livre e acesse nossa loja e compre o servi\u00e7o desejado.Ap\u00f3s escolher sua data preencha o formul\u00e1rio de reserva e aguarde o e-mail de confirma\u00e7\u00e3o, obrigado! Formul\u00e1rio de Reserva Confira a data dispon\u00edvel acima e preencha o formul\u00e1rio.N\u00e3o esque\u00e7a de contratar o servi\u00e7o desejado em nossa loja.<\/p>\n","protected":false},"author":1,"featured_media":0,"parent":0,"menu_order":0,"comment_status":"closed","ping_status":"closed","template":"","meta":[],"_links":{"self":[{"href":"https:\/\/2dofilmes.com.br\/index.php\/wp-json\/wp\/v2\/pages\/919"}],"collection":[{"href":"https:\/\/2dofilmes.com.br\/index.php\/wp-json\/wp\/v2\/pages"}],"about":[{"href":"https:\/\/2dofilmes.com.br\/index.php\/wp-json\/wp\/v2\/types\/page"}],"author":[{"embeddable":true,"href":"https:\/\/2dofilmes.com.br\/index.php\/wp-json\/wp\/v2\/users\/1"}],"replies":[{"embeddable":true,"href":"https:\/\/2dofilmes.com.br\/index.php\/wp-json\/wp\/v2\/comments?post=919"}],"version-history":[{"count":82,"href":"https:\/\/2dofilmes.com.br\/index.php\/wp-json\/wp\/v2\/pages\/919\/revisions"}],"predecessor-version":[{"id":1102,"href":"https:\/\/2dofilmes.com.br\/index.php\/wp-json\/wp\/v2\/pages\/919\/revisions\/1102"}],"wp:attachment":[{"href":"https:\/\/2dofilmes.com.br\/index.php\/wp-json\/wp\/v2\/media?parent=919"}],"curies":[{"name":"wp","href":"https:\/\/api.w.org\/{rel}","templated":true}]}}