{"id":34,"date":"2020-01-22T00:04:22","date_gmt":"2020-01-22T00:04:22","guid":{"rendered":"https:\/\/demo.shadow-themes.com\/wp\/ashade\/?page_id=34"},"modified":"2021-06-09T18:08:46","modified_gmt":"2021-06-09T18:08:46","slug":"get-in-touch","status":"publish","type":"page","link":"https:\/\/2dofilmes.com.br\/index.php\/get-in-touch\/","title":{"rendered":"Entre em Contato"},"content":{"rendered":"\t\t<div data-elementor-type=\"wp-page\" data-elementor-id=\"34\" class=\"elementor elementor-34\" data-elementor-settings=\"[]\">\n\t\t\t\t\t\t\t<div class=\"elementor-section-wrap\">\n\t\t\t\t\t\t\t<section class=\"elementor-section elementor-top-section elementor-element elementor-element-161a975 elementor-section-height-min-height elementor-section-boxed elementor-section-height-default elementor-section-items-middle elementor-invisible\" data-id=\"161a975\" data-element_type=\"section\" data-settings=\"{&quot;animation&quot;:&quot;fadeIn&quot;}\">\n\t\t\t\t\t\t<div class=\"elementor-container elementor-column-gap-default\">\n\t\t\t\t\t<div class=\"elementor-column elementor-col-16 elementor-top-column elementor-element elementor-element-9bf9ee7 elementor-hidden-tablet elementor-hidden-phone\" data-id=\"9bf9ee7\" data-element_type=\"column\">\n\t\t\t<div class=\"elementor-widget-wrap\">\n\t\t\t\t\t\t\t\t\t<\/div>\n\t\t<\/div>\n\t\t\t\t<div class=\"elementor-column elementor-col-66 elementor-top-column elementor-element elementor-element-2a57914\" data-id=\"2a57914\" data-element_type=\"column\">\n\t\t\t<div class=\"elementor-widget-wrap elementor-element-populated\">\n\t\t\t\t\t\t\t\t<div class=\"elementor-element elementor-element-956a87e elementor-widget elementor-widget-text-editor\" data-id=\"956a87e\" data-element_type=\"widget\" data-widget_type=\"text-editor.default\">\n\t\t\t\t<div class=\"elementor-widget-container\">\n\t\t\t\t\t\t\t\t<p id=\"tw-target-text\" class=\"tw-data-text tw-text-large XcVN5d tw-ta\" dir=\"ltr\" data-placeholder=\"Tradu\u00e7\u00e3o\"><span class=\"Y2IQFc\" lang=\"pt\">Prazer em conhecer meu amigo! Somos a <strong>2DO Filmes<\/strong>. Se voc\u00ea tiver alguma d\u00favida, sugest\u00e3o ou desejar apenas agendar uma sess\u00e3o de fotos, sinta-se \u00e0 vontade para <a href=\"https:\/\/2dofilmes.com.br\/oficial\/index.php\/shop\/\">conhecer nossa loja<\/a>.<\/span><\/p>\t\t\t\t\t\t<\/div>\n\t\t\t\t<\/div>\n\t\t\t\t\t<\/div>\n\t\t<\/div>\n\t\t\t\t<div class=\"elementor-column elementor-col-16 elementor-top-column elementor-element elementor-element-484a37f elementor-hidden-tablet elementor-hidden-phone\" data-id=\"484a37f\" data-element_type=\"column\">\n\t\t\t<div class=\"elementor-widget-wrap\">\n\t\t\t\t\t\t\t\t\t<\/div>\n\t\t<\/div>\n\t\t\t\t\t\t\t<\/div>\n\t\t<\/section>\n\t\t\t\t<section class=\"elementor-section elementor-top-section elementor-element elementor-element-3d79bff elementor-section-boxed elementor-section-height-default elementor-section-height-default elementor-invisible\" data-id=\"3d79bff\" data-element_type=\"section\" data-settings=\"{&quot;animation&quot;:&quot;fadeIn&quot;}\">\n\t\t\t\t\t\t<div class=\"elementor-container elementor-column-gap-default\">\n\t\t\t\t\t<div class=\"elementor-column elementor-col-33 elementor-top-column elementor-element elementor-element-3a03237d\" data-id=\"3a03237d\" data-element_type=\"column\">\n\t\t\t<div class=\"elementor-widget-wrap elementor-element-populated\">\n\t\t\t\t\t\t\t\t<div class=\"elementor-element elementor-element-19a42d2e elementor-widget elementor-widget-heading\" data-id=\"19a42d2e\" data-element_type=\"widget\" data-widget_type=\"heading.default\">\n\t\t\t\t<div class=\"elementor-widget-container\">\n\t\t\t<h4 class=\"elementor-heading-title elementor-size-default\"><span> Nossos contatos e redes sociais <\/span> Como nos encontrar<\/h4>\t\t<\/div>\n\t\t\t\t<\/div>\n\t\t\t\t<div class=\"elementor-element elementor-element-27e64fbe elementor-widget elementor-widget-wp-widget-shadow_contacts_widget\" data-id=\"27e64fbe\" data-element_type=\"widget\" data-widget_type=\"wp-widget-shadow_contacts_widget.default\">\n\t\t\t\t<div class=\"elementor-widget-container\">\n\t\t\t<div class=\"ashade-widget--contacts\">\n\t\t<ul class=\"ashade-contact-details__list has-labels\">\n\t<li>\n\t\t\t<i class=\"ashade-contact-icon asiade-icon--location\"><\/i>\n\t\t\tAv das Am\u00e9ricas n\u00ba12.900 Am\u00e9ricas Avenue business Square - Edif\u00edcio Equador, sala 503 - Barra da Tijuca, RJ\n\t\t<\/li><li>\n\t\t\t\t<i class=\"ashade-contact-icon asiade-icon--email\"><\/i>\n\t\t\t\t<a href=\"mailto:contato@2dofilmes.com.br\">contato@2dofilmes.com.br<\/a>\n\t\t\t<\/li><li class=\"ashade-contact-socials\">\n\t\t\t\t<i class=\"ashade-contact-icon asiade-icon--socials\"><\/i>\n\t\t\t\t\t<a class=\"ashade-social--facebook is-text\" href=\"https:\/\/www.facebook.com\/2DO-Filmes\" target=\"_blank\">Fb<\/a>\n\t\t\t\t\t<a class=\"ashade-social--youtube is-text\" href=\"https:\/\/www.youtube.com\/channel\/UCzO02KNEw9fhb-lGSreIHcQ\" target=\"_blank\">Yt<\/a>\n\t\t\t\t\t<a class=\"ashade-social--instagram is-text\" href=\"https:\/\/www.instagram.com\/2dofilmes\/\" target=\"_blank\">In<\/a><\/li>\t<\/ul>\n<\/div>\t\t<\/div>\n\t\t\t\t<\/div>\n\t\t\t\t\t<\/div>\n\t\t<\/div>\n\t\t\t\t<div class=\"elementor-column elementor-col-66 elementor-top-column elementor-element elementor-element-1f0ab0ca\" data-id=\"1f0ab0ca\" data-element_type=\"column\">\n\t\t\t<div class=\"elementor-widget-wrap elementor-element-populated\">\n\t\t\t\t\t\t\t\t<div class=\"elementor-element elementor-element-1aa2173b elementor-widget elementor-widget-shortcode\" data-id=\"1aa2173b\" data-element_type=\"widget\" data-widget_type=\"shortcode.default\">\n\t\t\t\t<div class=\"elementor-widget-container\">\n\t\t\t\t\t<div class=\"elementor-shortcode\"><div class=\"wpcf7 no-js\" id=\"wpcf7-f30-o1\" lang=\"en-US\" dir=\"ltr\">\n<div class=\"screen-reader-response\"><p role=\"status\" aria-live=\"polite\" aria-atomic=\"true\"><\/p> <ul><\/ul><\/div>\n<form action=\"\/index.php\/wp-json\/wp\/v2\/pages\/34#wpcf7-f30-o1\" method=\"post\" class=\"wpcf7-form init\" aria-label=\"Contact form\" novalidate=\"novalidate\" data-status=\"init\">\n<div style=\"display: none;\">\n<input type=\"hidden\" name=\"_wpcf7\" value=\"30\" \/>\n<input type=\"hidden\" name=\"_wpcf7_version\" value=\"5.7.2\" \/>\n<input type=\"hidden\" name=\"_wpcf7_locale\" value=\"en_US\" \/>\n<input type=\"hidden\" name=\"_wpcf7_unit_tag\" value=\"wpcf7-f30-o1\" \/>\n<input type=\"hidden\" name=\"_wpcf7_container_post\" value=\"0\" \/>\n<input type=\"hidden\" name=\"_wpcf7_posted_data_hash\" value=\"\" \/>\n<\/div>\n<div class=\"ashade-row ashade-small-gap\">\n\t<div class=\"ashade-col col-4\">\n\t\t<p><span class=\"wpcf7-form-control-wrap\" data-name=\"your-name\"><input size=\"40\" class=\"wpcf7-form-control wpcf7-text wpcf7-validates-as-required\" aria-required=\"true\" aria-invalid=\"false\" placeholder=\"Seu Nome*\" value=\"\" type=\"text\" name=\"your-name\" \/><\/span>\n\t\t<\/p>\n\t<\/div>\n\t<div class=\"ashade-col col-4\">\n\t\t<p><span class=\"wpcf7-form-control-wrap\" data-name=\"your-email\"><input size=\"40\" class=\"wpcf7-form-control wpcf7-text wpcf7-email wpcf7-validates-as-required wpcf7-validates-as-email\" aria-required=\"true\" aria-invalid=\"false\" placeholder=\"Seu E-mail*\" value=\"\" type=\"email\" name=\"your-email\" \/><\/span>\n\t\t<\/p>\n\t<\/div>\n\t<div class=\"ashade-col col-4\">\n\t\t<p><span class=\"wpcf7-form-control-wrap\" data-name=\"your-tel\"><input size=\"40\" class=\"wpcf7-form-control wpcf7-text wpcf7-tel wpcf7-validates-as-required wpcf7-validates-as-tel\" aria-required=\"true\" aria-invalid=\"false\" placeholder=\"Seu Telefone*\" value=\"\" type=\"tel\" name=\"your-tel\" \/><\/span>\n\t\t<\/p>\n\t<\/div>\n<\/div>\n<div>\n\t<p>Como nos conheceu?*<span class=\"wpcf7-form-control-wrap\" data-name=\"menu-comoconheceu\"><select class=\"wpcf7-form-control wpcf7-select wpcf7-validates-as-required\" aria-required=\"true\" aria-invalid=\"false\" name=\"menu-comoconheceu\"><option value=\"\">&#8212;Please choose an option&#8212;<\/option><option value=\"Facebook\">Facebook<\/option><option value=\"Instagram\">Instagram<\/option><option value=\"YouTube\">YouTube<\/option><option value=\"Busca no Google\">Busca no Google<\/option><option value=\"E-mail\">E-mail<\/option><option value=\"Aluno de Curso\">Aluno de Curso<\/option><option value=\"Amigo(a)\">Amigo(a)<\/option><\/select><\/span>\n\t<\/p>\n<\/div>\n<div>\n\t<p>Selecione o assunto*<span class=\"wpcf7-form-control-wrap\" data-name=\"menu-assunto\"><select class=\"wpcf7-form-control wpcf7-select wpcf7-validates-as-required\" aria-required=\"true\" aria-invalid=\"false\" name=\"menu-assunto\"><option value=\"\">&#8212;Please choose an option&#8212;<\/option><option value=\"Agenda\">Agenda<\/option><option value=\"Atendimento\">Atendimento<\/option><option value=\"D\u00favidas\">D\u00favidas<\/option><option value=\"Financeiro\">Financeiro<\/option><option value=\"Loja\">Loja<\/option><option value=\"Pagamento\">Pagamento<\/option><option value=\"Site\">Site<\/option><option value=\"Sugest\u00f5es\">Sugest\u00f5es<\/option><option value=\"Outro\">Outro<\/option><\/select><\/span>\n\t<\/p>\n<\/div>\n<div class=\"ashade-form-textarea\">\n\t<p><span class=\"wpcf7-form-control-wrap\" data-name=\"your-message\"><textarea cols=\"40\" rows=\"10\" class=\"wpcf7-form-control wpcf7-textarea wpcf7-validates-as-required\" aria-required=\"true\" aria-invalid=\"false\" placeholder=\"Sua Mensagem*\" name=\"your-message\"><\/textarea><\/span>\n\t<\/p>\n<\/div>\n<div class=\"align-right\">\n\t<p><input class=\"wpcf7-form-control has-spinner wpcf7-submit\" type=\"submit\" value=\"Enviar\" \/>\n\t<\/p>\n<\/div><div class=\"wpcf7-response-output\" aria-hidden=\"true\"><\/div><\/form><\/div><\/div>\n\t\t\t\t<\/div>\n\t\t\t\t<\/div>\n\t\t\t\t\t<\/div>\n\t\t<\/div>\n\t\t\t\t\t\t\t<\/div>\n\t\t<\/section>\n\t\t\t\t\t\t<\/div>\n\t\t\t\t\t<\/div>\n\t\t","protected":false},"excerpt":{"rendered":"<p>Prazer em conhecer meu amigo! Somos a 2DO Filmes. Se voc\u00ea tiver alguma d\u00favida, sugest\u00e3o ou desejar apenas agendar uma sess\u00e3o de fotos, sinta-se \u00e0 vontade para conhecer nossa loja. Nossos contatos e redes sociais Como nos encontrar<\/p>\n","protected":false},"author":1,"featured_media":0,"parent":0,"menu_order":0,"comment_status":"closed","ping_status":"closed","template":"","meta":[],"_links":{"self":[{"href":"https:\/\/2dofilmes.com.br\/index.php\/wp-json\/wp\/v2\/pages\/34"}],"collection":[{"href":"https:\/\/2dofilmes.com.br\/index.php\/wp-json\/wp\/v2\/pages"}],"about":[{"href":"https:\/\/2dofilmes.com.br\/index.php\/wp-json\/wp\/v2\/types\/page"}],"author":[{"embeddable":true,"href":"https:\/\/2dofilmes.com.br\/index.php\/wp-json\/wp\/v2\/users\/1"}],"replies":[{"embeddable":true,"href":"https:\/\/2dofilmes.com.br\/index.php\/wp-json\/wp\/v2\/comments?post=34"}],"version-history":[{"count":27,"href":"https:\/\/2dofilmes.com.br\/index.php\/wp-json\/wp\/v2\/pages\/34\/revisions"}],"predecessor-version":[{"id":981,"href":"https:\/\/2dofilmes.com.br\/index.php\/wp-json\/wp\/v2\/pages\/34\/revisions\/981"}],"wp:attachment":[{"href":"https:\/\/2dofilmes.com.br\/index.php\/wp-json\/wp\/v2\/media?parent=34"}],"curies":[{"name":"wp","href":"https:\/\/api.w.org\/{rel}","templated":true}]}}